{"id":29,"date":"2026-01-21T05:21:32","date_gmt":"2026-01-21T05:21:32","guid":{"rendered":"https:\/\/fannyclear-algerie.com\/?page_id=29"},"modified":"2026-01-21T05:21:32","modified_gmt":"2026-01-21T05:21:32","slug":"nettoyant-machine-a-laver","status":"publish","type":"page","link":"https:\/\/fannyclear-algerie.com\/ar\/nettoyant-machine-a-laver\/","title":{"rendered":"\u0645\u0646\u0638\u0651\u0641 \u063a\u0633\u0627\u0644\u0629 \u0627\u0644\u0645\u0644\u0627\u0628\u0633"},"content":{"rendered":"<p><\/p>\n\n\n\n<figure class=\"wp-block-gallery has-nested-images columns-default is-cropped wp-block-gallery-1 is-layout-flex wp-block-gallery-is-layout-flex\">\n<figure class=\"wp-block-image size-large\"><img fetchpriority=\"high\" decoding=\"async\" width=\"1024\" height=\"1024\" data-id=\"30\" src=\"https:\/\/fannyclear-algerie.com\/wp-content\/uploads\/2026\/01\/Nettoyant-machine-a-laver-4-1024x1024.jpeg\" alt=\"\" class=\"wp-image-30\" srcset=\"https:\/\/fannyclear-algerie.com\/wp-content\/uploads\/2026\/01\/Nettoyant-machine-a-laver-4-1024x1024.jpeg 1024w, https:\/\/fannyclear-algerie.com\/wp-content\/uploads\/2026\/01\/Nettoyant-machine-a-laver-4-300x300.jpeg 300w, https:\/\/fannyclear-algerie.com\/wp-content\/uploads\/2026\/01\/Nettoyant-machine-a-laver-4-150x150.jpeg 150w, https:\/\/fannyclear-algerie.com\/wp-content\/uploads\/2026\/01\/Nettoyant-machine-a-laver-4-768x768.jpeg 768w, https:\/\/fannyclear-algerie.com\/wp-content\/uploads\/2026\/01\/Nettoyant-machine-a-laver-4-12x12.jpeg 12w, https:\/\/fannyclear-algerie.com\/wp-content\/uploads\/2026\/01\/Nettoyant-machine-a-laver-4.jpeg 1080w\" sizes=\"(max-width: 1024px) 100vw, 1024px\" \/><\/figure>\n\n\n\n<figure class=\"wp-block-image size-large\"><img decoding=\"async\" width=\"1024\" height=\"1024\" data-id=\"31\" src=\"https:\/\/fannyclear-algerie.com\/wp-content\/uploads\/2026\/01\/Nettoyant-machine-a-laver-3-1024x1024.jpeg\" alt=\"\" class=\"wp-image-31\" srcset=\"https:\/\/fannyclear-algerie.com\/wp-content\/uploads\/2026\/01\/Nettoyant-machine-a-laver-3-1024x1024.jpeg 1024w, https:\/\/fannyclear-algerie.com\/wp-content\/uploads\/2026\/01\/Nettoyant-machine-a-laver-3-300x300.jpeg 300w, https:\/\/fannyclear-algerie.com\/wp-content\/uploads\/2026\/01\/Nettoyant-machine-a-laver-3-150x150.jpeg 150w, https:\/\/fannyclear-algerie.com\/wp-content\/uploads\/2026\/01\/Nettoyant-machine-a-laver-3-768x768.jpeg 768w, https:\/\/fannyclear-algerie.com\/wp-content\/uploads\/2026\/01\/Nettoyant-machine-a-laver-3-12x12.jpeg 12w, https:\/\/fannyclear-algerie.com\/wp-content\/uploads\/2026\/01\/Nettoyant-machine-a-laver-3.jpeg 1080w\" sizes=\"(max-width: 1024px) 100vw, 1024px\" \/><\/figure>\n\n\n\n<figure class=\"wp-block-image size-large\"><img decoding=\"async\" width=\"1024\" height=\"1024\" data-id=\"33\" src=\"https:\/\/fannyclear-algerie.com\/wp-content\/uploads\/2026\/01\/Nettoyant-machine-a-laver-2-1024x1024.jpeg\" alt=\"\" class=\"wp-image-33\" srcset=\"https:\/\/fannyclear-algerie.com\/wp-content\/uploads\/2026\/01\/Nettoyant-machine-a-laver-2-1024x1024.jpeg 1024w, https:\/\/fannyclear-algerie.com\/wp-content\/uploads\/2026\/01\/Nettoyant-machine-a-laver-2-300x300.jpeg 300w, https:\/\/fannyclear-algerie.com\/wp-content\/uploads\/2026\/01\/Nettoyant-machine-a-laver-2-150x150.jpeg 150w, https:\/\/fannyclear-algerie.com\/wp-content\/uploads\/2026\/01\/Nettoyant-machine-a-laver-2-768x768.jpeg 768w, https:\/\/fannyclear-algerie.com\/wp-content\/uploads\/2026\/01\/Nettoyant-machine-a-laver-2-12x12.jpeg 12w, https:\/\/fannyclear-algerie.com\/wp-content\/uploads\/2026\/01\/Nettoyant-machine-a-laver-2.jpeg 1280w\" sizes=\"(max-width: 1024px) 100vw, 1024px\" \/><\/figure>\n\n\n\n<figure class=\"wp-block-image size-large\"><img loading=\"lazy\" decoding=\"async\" width=\"1024\" height=\"1024\" data-id=\"32\" src=\"https:\/\/fannyclear-algerie.com\/wp-content\/uploads\/2026\/01\/Nettoyant-machine-a-laver-1024x1024.jpeg\" alt=\"\" class=\"wp-image-32\" srcset=\"https:\/\/fannyclear-algerie.com\/wp-content\/uploads\/2026\/01\/Nettoyant-machine-a-laver-1024x1024.jpeg 1024w, https:\/\/fannyclear-algerie.com\/wp-content\/uploads\/2026\/01\/Nettoyant-machine-a-laver-300x300.jpeg 300w, https:\/\/fannyclear-algerie.com\/wp-content\/uploads\/2026\/01\/Nettoyant-machine-a-laver-150x150.jpeg 150w, https:\/\/fannyclear-algerie.com\/wp-content\/uploads\/2026\/01\/Nettoyant-machine-a-laver-768x768.jpeg 768w, https:\/\/fannyclear-algerie.com\/wp-content\/uploads\/2026\/01\/Nettoyant-machine-a-laver-12x12.jpeg 12w, https:\/\/fannyclear-algerie.com\/wp-content\/uploads\/2026\/01\/Nettoyant-machine-a-laver.jpeg 1080w\" sizes=\"(max-width: 1024px) 100vw, 1024px\" \/><\/figure>\n<\/figure>\n\n\n\n<p>\u064a\u0632\u064a\u0644 \u0645\u0646\u0638\u0641 \u0627\u0644\u063a\u0633\u0627\u0644\u0627\u062a \u0641\u0627\u0646\u064a \u0643\u0644\u064a\u0631 \u0628\u0641\u0639\u0627\u0644\u064a\u0629 \u0628\u0642\u0627\u064a\u0627 \u0627\u0644\u0645\u0646\u0638\u0641\u0627\u062a\u060c \u0648\u0627\u0644\u062a\u0631\u0633\u0628\u0627\u062a \u0627\u0644\u0643\u0644\u0633\u064a\u0629\u060c \u0648\u0627\u0644\u0631\u0648\u0627\u0626\u062d \u0627\u0644\u0643\u0631\u064a\u0647\u0629 \u0627\u0644\u0645\u062a\u0631\u0627\u0643\u0645\u0629 \u062f\u0627\u062e\u0644 \u0627\u0644\u063a\u0633\u0627\u0644\u0629. \u062a\u0631\u0643\u064a\u0628\u062a\u0647 \u0627\u0644\u0641\u0639\u0627\u0644\u0629 \u062a\u0646\u0638\u0641 \u0627\u0644\u062d\u0648\u0636\u060c \u0648\u0627\u0644\u0623\u0646\u0627\u0628\u064a\u0628\u060c \u0648\u0627\u0644\u0623\u062c\u0632\u0627\u0621 \u0627\u0644\u062f\u0627\u062e\u0644\u064a\u0629 \u062a\u0646\u0638\u064a\u0641\u064b\u0627 \u0634\u0627\u0645\u0644\u0627\u064b\u060c \u0645\u0645\u0627 \u064a\u0636\u0645\u0646 \u0623\u0639\u0644\u0649 \u0645\u0633\u062a\u0648\u064a\u0627\u062a \u0627\u0644\u0646\u0638\u0627\u0641\u0629 \u0648\u064a\u0637\u064a\u0644 \u0639\u0645\u0631 \u0627\u0644\u062c\u0647\u0627\u0632. \u0643\u0645\u0627 \u064a\u0636\u0645\u0646 \u0644\u0643 \u063a\u0633\u064a\u0644\u064b\u0627 \u0623\u0643\u062b\u0631 \u0627\u0646\u062a\u0639\u0627\u0634\u064b\u0627 \u0648\u0623\u062f\u0627\u0621\u064b \u064a\u062f\u0648\u0645 \u0637\u0648\u064a\u0644\u064b\u0627.<\/p>","protected":false},"excerpt":{"rendered":"<p>Le Nettoyant Machine \u00e0 Laver Fanny Clear \u00e9limine efficacement les r\u00e9sidus de lessive, le calcaire et les mauvaises odeurs qui s\u2019accumulent \u00e0 l\u2019int\u00e9rieur de la machine. Sa formule active nettoie en profondeur le tambour, les tuyaux et les parties internes, assurant une hygi\u00e8ne optimale et prolongeant la dur\u00e9e de vie de l\u2019appareil. Il garantit un [&hellip;]<\/p>","protected":false},"author":1,"featured_media":31,"parent":0,"menu_order":0,"comment_status":"closed","ping_status":"closed","template":"","meta":{"footnotes":""},"class_list":["post-29","page","type-page","status-publish","has-post-thumbnail","hentry"],"rttpg_featured_image_url":{"full":["https:\/\/fannyclear-algerie.com\/wp-content\/uploads\/2026\/01\/Nettoyant-machine-a-laver-3.jpeg",1080,1080,false],"landscape":["https:\/\/fannyclear-algerie.com\/wp-content\/uploads\/2026\/01\/Nettoyant-machine-a-laver-3.jpeg",1080,1080,false],"portraits":["https:\/\/fannyclear-algerie.com\/wp-content\/uploads\/2026\/01\/Nettoyant-machine-a-laver-3.jpeg",1080,1080,false],"thumbnail":["https:\/\/fannyclear-algerie.com\/wp-content\/uploads\/2026\/01\/Nettoyant-machine-a-laver-3-150x150.jpeg",150,150,true],"medium":["https:\/\/fannyclear-algerie.com\/wp-content\/uploads\/2026\/01\/Nettoyant-machine-a-laver-3-300x300.jpeg",300,300,true],"large":["https:\/\/fannyclear-algerie.com\/wp-content\/uploads\/2026\/01\/Nettoyant-machine-a-laver-3-1024x1024.jpeg",1024,1024,true],"1536x1536":["https:\/\/fannyclear-algerie.com\/wp-content\/uploads\/2026\/01\/Nettoyant-machine-a-laver-3.jpeg",1080,1080,false],"2048x2048":["https:\/\/fannyclear-algerie.com\/wp-content\/uploads\/2026\/01\/Nettoyant-machine-a-laver-3.jpeg",1080,1080,false],"trp-custom-language-flag":["https:\/\/fannyclear-algerie.com\/wp-content\/uploads\/2026\/01\/Nettoyant-machine-a-laver-3-12x12.jpeg",12,12,true]},"rttpg_author":{"display_name":"admin","author_link":"https:\/\/fannyclear-algerie.com\/ar\/author\/web_admin\/"},"rttpg_comment":0,"rttpg_category":null,"rttpg_excerpt":"Le Nettoyant Machine \u00e0 Laver Fanny Clear \u00e9limine efficacement les r\u00e9sidus de lessive, le calcaire et les mauvaises odeurs qui s\u2019accumulent \u00e0 l\u2019int\u00e9rieur de la machine. Sa formule active nettoie en profondeur le tambour, les tuyaux et les parties internes, assurant une hygi\u00e8ne optimale et prolongeant la dur\u00e9e de vie de l\u2019appareil. Il garantit un&hellip;","_links":{"self":[{"href":"https:\/\/fannyclear-algerie.com\/ar\/wp-json\/wp\/v2\/pages\/29","targetHints":{"allow":["GET"]}}],"collection":[{"href":"https:\/\/fannyclear-algerie.com\/ar\/wp-json\/wp\/v2\/pages"}],"about":[{"href":"https:\/\/fannyclear-algerie.com\/ar\/wp-json\/wp\/v2\/types\/page"}],"author":[{"embeddable":true,"href":"https:\/\/fannyclear-algerie.com\/ar\/wp-json\/wp\/v2\/users\/1"}],"replies":[{"embeddable":true,"href":"https:\/\/fannyclear-algerie.com\/ar\/wp-json\/wp\/v2\/comments?post=29"}],"version-history":[{"count":1,"href":"https:\/\/fannyclear-algerie.com\/ar\/wp-json\/wp\/v2\/pages\/29\/revisions"}],"predecessor-version":[{"id":34,"href":"https:\/\/fannyclear-algerie.com\/ar\/wp-json\/wp\/v2\/pages\/29\/revisions\/34"}],"wp:featuredmedia":[{"embeddable":true,"href":"https:\/\/fannyclear-algerie.com\/ar\/wp-json\/wp\/v2\/media\/31"}],"wp:attachment":[{"href":"https:\/\/fannyclear-algerie.com\/ar\/wp-json\/wp\/v2\/media?parent=29"}],"curies":[{"name":"wp","href":"https:\/\/api.w.org\/{rel}","templated":true}]}}