{"id":25,"date":"2026-01-21T05:19:43","date_gmt":"2026-01-21T05:19:43","guid":{"rendered":"https:\/\/fannyclear-algerie.com\/?page_id=25"},"modified":"2026-01-21T05:19:43","modified_gmt":"2026-01-21T05:19:43","slug":"nettoyant-lave-vaisselle","status":"publish","type":"page","link":"https:\/\/fannyclear-algerie.com\/ar\/nettoyant-lave-vaisselle\/","title":{"rendered":"\u0645\u0646\u0638\u0641 \u063a\u0633\u0627\u0644\u0629 \u0627\u0644\u0635\u062d\u0648\u0646"},"content":{"rendered":"<p><\/p>\n\n\n\n<figure class=\"wp-block-gallery has-nested-images columns-default is-cropped wp-block-gallery-1 is-layout-flex wp-block-gallery-is-layout-flex\">\n<figure class=\"wp-block-image size-large\"><img fetchpriority=\"high\" decoding=\"async\" width=\"1024\" height=\"1024\" data-id=\"26\" src=\"https:\/\/fannyclear-algerie.com\/wp-content\/uploads\/2026\/01\/Nettoyant-lave-vaisselle-2-1024x1024.jpeg\" alt=\"\" class=\"wp-image-26\" srcset=\"https:\/\/fannyclear-algerie.com\/wp-content\/uploads\/2026\/01\/Nettoyant-lave-vaisselle-2-1024x1024.jpeg 1024w, https:\/\/fannyclear-algerie.com\/wp-content\/uploads\/2026\/01\/Nettoyant-lave-vaisselle-2-300x300.jpeg 300w, https:\/\/fannyclear-algerie.com\/wp-content\/uploads\/2026\/01\/Nettoyant-lave-vaisselle-2-150x150.jpeg 150w, https:\/\/fannyclear-algerie.com\/wp-content\/uploads\/2026\/01\/Nettoyant-lave-vaisselle-2-768x768.jpeg 768w, https:\/\/fannyclear-algerie.com\/wp-content\/uploads\/2026\/01\/Nettoyant-lave-vaisselle-2-12x12.jpeg 12w, https:\/\/fannyclear-algerie.com\/wp-content\/uploads\/2026\/01\/Nettoyant-lave-vaisselle-2.jpeg 1280w\" sizes=\"(max-width: 1024px) 100vw, 1024px\" \/><\/figure>\n\n\n\n<figure class=\"wp-block-image size-large\"><img decoding=\"async\" width=\"1024\" height=\"1024\" data-id=\"27\" src=\"https:\/\/fannyclear-algerie.com\/wp-content\/uploads\/2026\/01\/Nettoyant-lave-vaisselle-1024x1024.jpeg\" alt=\"\" class=\"wp-image-27\" srcset=\"https:\/\/fannyclear-algerie.com\/wp-content\/uploads\/2026\/01\/Nettoyant-lave-vaisselle-1024x1024.jpeg 1024w, https:\/\/fannyclear-algerie.com\/wp-content\/uploads\/2026\/01\/Nettoyant-lave-vaisselle-300x300.jpeg 300w, https:\/\/fannyclear-algerie.com\/wp-content\/uploads\/2026\/01\/Nettoyant-lave-vaisselle-150x150.jpeg 150w, https:\/\/fannyclear-algerie.com\/wp-content\/uploads\/2026\/01\/Nettoyant-lave-vaisselle-768x768.jpeg 768w, https:\/\/fannyclear-algerie.com\/wp-content\/uploads\/2026\/01\/Nettoyant-lave-vaisselle-12x12.jpeg 12w, https:\/\/fannyclear-algerie.com\/wp-content\/uploads\/2026\/01\/Nettoyant-lave-vaisselle.jpeg 1080w\" sizes=\"(max-width: 1024px) 100vw, 1024px\" \/><\/figure>\n<\/figure>\n\n\n\n<p>\u0635\u064f\u0645\u0645 \u0645\u0646\u0638\u0641 \u063a\u0633\u0627\u0644\u0629 \u0627\u0644\u0623\u0637\u0628\u0627\u0642 \"\u0641\u0627\u0646\u064a \u0643\u0644\u064a\u0631\" \u062e\u0635\u064a\u0635\u064b\u0627 \u0644\u0625\u0632\u0627\u0644\u0629 \u0627\u0644\u0634\u062d\u0648\u0645 \u0648\u062a\u0646\u0638\u064a\u0641 \u0627\u0644\u062c\u0632\u0621 \u0627\u0644\u062f\u0627\u062e\u0644\u064a \u0645\u0646 \u063a\u0633\u0627\u0644\u0629 \u0627\u0644\u0623\u0637\u0628\u0627\u0642 \u062a\u0646\u0638\u064a\u0641\u064b\u0627 \u0634\u0627\u0645\u0644\u0627\u064b. \u0641\u0647\u0648 \u064a\u0632\u064a\u0644 \u0631\u0648\u0627\u0633\u0628 \u0627\u0644\u0634\u062d\u0648\u0645\u060c \u0648\u0627\u0644\u062a\u0631\u0633\u0628\u0627\u062a \u0627\u0644\u0643\u0644\u0633\u064a\u0629\u060c \u0648\u0628\u0642\u0627\u064a\u0627 \u0627\u0644\u0637\u0639\u0627\u0645 \u0627\u0644\u062a\u064a \u062a\u0633\u0628\u0628 \u0627\u0644\u0631\u0648\u0627\u0626\u062d \u0627\u0644\u0643\u0631\u064a\u0647\u0629. \u064a\u0633\u0627\u0639\u062f \u0627\u0644\u0627\u0633\u062a\u062e\u062f\u0627\u0645 \u0627\u0644\u0645\u0646\u062a\u0638\u0645 \u0639\u0644\u0649 \u0627\u0644\u062d\u0641\u0627\u0638 \u0639\u0644\u0649 \u0623\u062f\u0627\u0621 \u0627\u0644\u063a\u0633\u064a\u0644 \u0627\u0644\u0623\u0645\u062b\u0644 \u0648\u064a\u0636\u0645\u0646 \u0633\u0644\u0627\u0645\u0629 \u0639\u0645\u0644 \u0627\u0644\u062c\u0647\u0627\u0632.<\/p>","protected":false},"excerpt":{"rendered":"<p>\u0635\u064f\u0645\u0645 \u0645\u0646\u0638\u0641 \u063a\u0633\u0627\u0644\u0629 \u0627\u0644\u0623\u0637\u0628\u0627\u0642 \"\u0641\u0627\u0646\u064a \u0643\u0644\u064a\u0631\" \u062e\u0635\u064a\u0635\u064b\u0627 \u0644\u0625\u0632\u0627\u0644\u0629 \u0627\u0644\u0634\u062d\u0648\u0645 \u0648\u062a\u0646\u0638\u064a\u0641 \u0627\u0644\u062c\u0632\u0621 \u0627\u0644\u062f\u0627\u062e\u0644\u064a \u0645\u0646 \u063a\u0633\u0627\u0644\u0629 \u0627\u0644\u0623\u0637\u0628\u0627\u0642 \u062a\u0646\u0638\u064a\u0641\u064b\u0627 \u0634\u0627\u0645\u0644\u0627\u064b. \u0641\u0647\u0648 \u064a\u0632\u064a\u0644 \u0631\u0648\u0627\u0633\u0628 \u0627\u0644\u0634\u062d\u0648\u0645\u060c \u0648\u0627\u0644\u062a\u0631\u0633\u0628\u0627\u062a \u0627\u0644\u0643\u0644\u0633\u064a\u0629\u060c \u0648\u0628\u0642\u0627\u064a\u0627 \u0627\u0644\u0637\u0639\u0627\u0645 \u0627\u0644\u062a\u064a \u062a\u0633\u0628\u0628 \u0627\u0644\u0631\u0648\u0627\u0626\u062d \u0627\u0644\u0643\u0631\u064a\u0647\u0629. \u064a\u0633\u0627\u0639\u062f \u0627\u0644\u0627\u0633\u062a\u062e\u062f\u0627\u0645 \u0627\u0644\u0645\u0646\u062a\u0638\u0645 \u0639\u0644\u0649 \u0627\u0644\u062d\u0641\u0627\u0638 \u0639\u0644\u0649 \u0623\u062f\u0627\u0621 \u0627\u0644\u063a\u0633\u064a\u0644 \u0627\u0644\u0623\u0645\u062b\u0644 \u0648\u064a\u0636\u0645\u0646 \u0633\u0644\u0627\u0645\u0629 \u0639\u0645\u0644 \u0627\u0644\u062c\u0647\u0627\u0632.<\/p>","protected":false},"author":1,"featured_media":27,"parent":0,"menu_order":0,"comment_status":"closed","ping_status":"closed","template":"","meta":{"footnotes":""},"class_list":["post-25","page","type-page","status-publish","has-post-thumbnail","hentry"],"rttpg_featured_image_url":{"full":["https:\/\/fannyclear-algerie.com\/wp-content\/uploads\/2026\/01\/Nettoyant-lave-vaisselle.jpeg",1080,1080,false],"landscape":["https:\/\/fannyclear-algerie.com\/wp-content\/uploads\/2026\/01\/Nettoyant-lave-vaisselle.jpeg",1080,1080,false],"portraits":["https:\/\/fannyclear-algerie.com\/wp-content\/uploads\/2026\/01\/Nettoyant-lave-vaisselle.jpeg",1080,1080,false],"thumbnail":["https:\/\/fannyclear-algerie.com\/wp-content\/uploads\/2026\/01\/Nettoyant-lave-vaisselle-150x150.jpeg",150,150,true],"medium":["https:\/\/fannyclear-algerie.com\/wp-content\/uploads\/2026\/01\/Nettoyant-lave-vaisselle-300x300.jpeg",300,300,true],"large":["https:\/\/fannyclear-algerie.com\/wp-content\/uploads\/2026\/01\/Nettoyant-lave-vaisselle-1024x1024.jpeg",1024,1024,true],"1536x1536":["https:\/\/fannyclear-algerie.com\/wp-content\/uploads\/2026\/01\/Nettoyant-lave-vaisselle.jpeg",1080,1080,false],"2048x2048":["https:\/\/fannyclear-algerie.com\/wp-content\/uploads\/2026\/01\/Nettoyant-lave-vaisselle.jpeg",1080,1080,false],"trp-custom-language-flag":["https:\/\/fannyclear-algerie.com\/wp-content\/uploads\/2026\/01\/Nettoyant-lave-vaisselle-12x12.jpeg",12,12,true]},"rttpg_author":{"display_name":"admin","author_link":"https:\/\/fannyclear-algerie.com\/ar\/author\/web_admin\/"},"rttpg_comment":0,"rttpg_category":null,"rttpg_excerpt":"Le Nettoyant Lave-Vaisselle Fanny Clear est sp\u00e9cialement con\u00e7u pour d\u00e9graisser et nettoyer en profondeur l\u2019int\u00e9rieur du lave-vaisselle. Il \u00e9limine les d\u00e9p\u00f4ts de graisse, de calcaire et les r\u00e9sidus alimentaires responsables des mauvaises odeurs. Une utilisation r\u00e9guli\u00e8re permet de maintenir une efficacit\u00e9 optimale de lavage et de pr\u00e9server le bon fonctionnement de la machine.","_links":{"self":[{"href":"https:\/\/fannyclear-algerie.com\/ar\/wp-json\/wp\/v2\/pages\/25","targetHints":{"allow":["GET"]}}],"collection":[{"href":"https:\/\/fannyclear-algerie.com\/ar\/wp-json\/wp\/v2\/pages"}],"about":[{"href":"https:\/\/fannyclear-algerie.com\/ar\/wp-json\/wp\/v2\/types\/page"}],"author":[{"embeddable":true,"href":"https:\/\/fannyclear-algerie.com\/ar\/wp-json\/wp\/v2\/users\/1"}],"replies":[{"embeddable":true,"href":"https:\/\/fannyclear-algerie.com\/ar\/wp-json\/wp\/v2\/comments?post=25"}],"version-history":[{"count":1,"href":"https:\/\/fannyclear-algerie.com\/ar\/wp-json\/wp\/v2\/pages\/25\/revisions"}],"predecessor-version":[{"id":28,"href":"https:\/\/fannyclear-algerie.com\/ar\/wp-json\/wp\/v2\/pages\/25\/revisions\/28"}],"wp:featuredmedia":[{"embeddable":true,"href":"https:\/\/fannyclear-algerie.com\/ar\/wp-json\/wp\/v2\/media\/27"}],"wp:attachment":[{"href":"https:\/\/fannyclear-algerie.com\/ar\/wp-json\/wp\/v2\/media?parent=25"}],"curies":[{"name":"wp","href":"https:\/\/api.w.org\/{rel}","templated":true}]}}