{"id":21,"date":"2026-01-21T05:18:17","date_gmt":"2026-01-21T05:18:17","guid":{"rendered":"https:\/\/fannyclear-algerie.com\/?page_id=21"},"modified":"2026-01-21T17:16:25","modified_gmt":"2026-01-21T17:16:25","slug":"lave-vaisselle-all-in-one-liquide-de-rincage","status":"publish","type":"page","link":"https:\/\/fannyclear-algerie.com\/ar\/lave-vaisselle-all-in-one-liquide-de-rincage\/","title":{"rendered":"\u0633\u0627\u0626\u0644 \u0634\u0637\u0641 \u063a\u0633\u0627\u0644\u0629 \u0627\u0644\u0623\u0637\u0628\u0627\u0642"},"content":{"rendered":"<p><\/p>\n\n\n\n<figure class=\"wp-block-gallery has-nested-images columns-default is-cropped wp-block-gallery-1 is-layout-flex wp-block-gallery-is-layout-flex\">\n<figure class=\"wp-block-image size-large\"><img fetchpriority=\"high\" decoding=\"async\" width=\"1024\" height=\"1024\" data-id=\"22\" src=\"https:\/\/fannyclear-algerie.com\/wp-content\/uploads\/2026\/01\/lave-vaisselle-all-in-one-1024x1024.jpeg\" alt=\"\" class=\"wp-image-22\" srcset=\"https:\/\/fannyclear-algerie.com\/wp-content\/uploads\/2026\/01\/lave-vaisselle-all-in-one-1024x1024.jpeg 1024w, https:\/\/fannyclear-algerie.com\/wp-content\/uploads\/2026\/01\/lave-vaisselle-all-in-one-300x300.jpeg 300w, https:\/\/fannyclear-algerie.com\/wp-content\/uploads\/2026\/01\/lave-vaisselle-all-in-one-150x150.jpeg 150w, https:\/\/fannyclear-algerie.com\/wp-content\/uploads\/2026\/01\/lave-vaisselle-all-in-one-768x768.jpeg 768w, https:\/\/fannyclear-algerie.com\/wp-content\/uploads\/2026\/01\/lave-vaisselle-all-in-one-12x12.jpeg 12w, https:\/\/fannyclear-algerie.com\/wp-content\/uploads\/2026\/01\/lave-vaisselle-all-in-one.jpeg 1280w\" sizes=\"(max-width: 1024px) 100vw, 1024px\" \/><\/figure>\n\n\n\n<figure class=\"wp-block-image size-large\"><img decoding=\"async\" width=\"1024\" height=\"576\" data-id=\"23\" src=\"https:\/\/fannyclear-algerie.com\/wp-content\/uploads\/2026\/01\/all-prods-1024x576.jpeg\" alt=\"\" class=\"wp-image-23\" srcset=\"https:\/\/fannyclear-algerie.com\/wp-content\/uploads\/2026\/01\/all-prods-1024x576.jpeg 1024w, https:\/\/fannyclear-algerie.com\/wp-content\/uploads\/2026\/01\/all-prods-300x169.jpeg 300w, https:\/\/fannyclear-algerie.com\/wp-content\/uploads\/2026\/01\/all-prods-768x432.jpeg 768w, https:\/\/fannyclear-algerie.com\/wp-content\/uploads\/2026\/01\/all-prods-18x10.jpeg 18w, https:\/\/fannyclear-algerie.com\/wp-content\/uploads\/2026\/01\/all-prods.jpeg 1080w\" sizes=\"(max-width: 1024px) 100vw, 1024px\" \/><\/figure>\n<\/figure>\n\n\n\n<p>\u0633\u0627\u0626\u0644 \u0634\u0637\u0641 \u063a\u0633\u0627\u0644\u0629 \u0627\u0644\u0623\u0637\u0628\u0627\u0642 \u0641\u0627\u0646\u064a \u0643\u0644\u064a\u0631 \u064a\u0633\u0627\u0639\u062f \u0639\u0644\u0649 \u062a\u062c\u0641\u064a\u0641 \u0633\u0631\u064a\u0639 \u0648\u0628\u062f\u0648\u0646 \u0622\u062b\u0627\u0631. \u0643\u0645\u0627 \u064a\u0639\u0632\u0651\u0632 \u0644\u0645\u0639\u0627\u0646 \u0627\u0644\u0623\u0637\u0628\u0627\u0642 \u0648\u0627\u0644\u0643\u0624\u0648\u0633 \u0645\u0639 \u0645\u0646\u0639 \u062a\u0631\u0633\u0651\u0628\u0627\u062a \u0627\u0644\u0643\u0650\u0644\u0633 \u0648\u0638\u0647\u0648\u0631 \u0627\u0644\u0647\u0627\u0644\u0627\u062a. \u0648\u0639\u0646\u062f \u0627\u0633\u062a\u062e\u062f\u0627\u0645\u0647 \u0641\u064a \u0643\u0644 \u062f\u0648\u0631\u0629 \u063a\u0633\u064a\u0644\u060c \u064a\u0636\u0645\u0646 \u0644\u0645\u0633\u0629 \u0646\u0647\u0627\u0626\u064a\u0629 \u0645\u062b\u0627\u0644\u064a\u0629 \u0648\u0644\u0645\u0639\u0627\u0646\u064b\u0627 \u064a\u062f\u0648\u0645 \u0637\u0648\u064a\u0644\u0627\u064b.<\/p>","protected":false},"excerpt":{"rendered":"<p>\u0633\u0627\u0626\u0644 \u0634\u0637\u0641 \u063a\u0633\u0627\u0644\u0629 \u0627\u0644\u0623\u0637\u0628\u0627\u0642 \u0641\u0627\u0646\u064a \u0643\u0644\u064a\u0631 \u064a\u0633\u0627\u0639\u062f \u0639\u0644\u0649 \u062a\u062c\u0641\u064a\u0641 \u0633\u0631\u064a\u0639 \u0648\u0628\u062f\u0648\u0646 \u0622\u062b\u0627\u0631. \u0643\u0645\u0627 \u064a\u0639\u0632\u0651\u0632 \u0644\u0645\u0639\u0627\u0646 \u0627\u0644\u0623\u0637\u0628\u0627\u0642 \u0648\u0627\u0644\u0643\u0624\u0648\u0633 \u0645\u0639 \u0645\u0646\u0639 \u062a\u0631\u0633\u0651\u0628\u0627\u062a \u0627\u0644\u0643\u0650\u0644\u0633 \u0648\u0638\u0647\u0648\u0631 \u0627\u0644\u0647\u0627\u0644\u0627\u062a. \u0648\u0639\u0646\u062f \u0627\u0633\u062a\u062e\u062f\u0627\u0645\u0647 \u0641\u064a \u0643\u0644 \u062f\u0648\u0631\u0629 \u063a\u0633\u064a\u0644\u060c \u064a\u0636\u0645\u0646 \u0644\u0645\u0633\u0629 \u0646\u0647\u0627\u0626\u064a\u0629 \u0645\u062b\u0627\u0644\u064a\u0629 \u0648\u0644\u0645\u0639\u0627\u0646\u064b\u0627 \u064a\u062f\u0648\u0645 \u0637\u0648\u064a\u0644\u0627\u064b.<\/p>","protected":false},"author":1,"featured_media":22,"parent":0,"menu_order":0,"comment_status":"closed","ping_status":"closed","template":"","meta":{"footnotes":""},"class_list":["post-21","page","type-page","status-publish","has-post-thumbnail","hentry"],"rttpg_featured_image_url":{"full":["https:\/\/fannyclear-algerie.com\/wp-content\/uploads\/2026\/01\/lave-vaisselle-all-in-one.jpeg",1280,1280,false],"landscape":["https:\/\/fannyclear-algerie.com\/wp-content\/uploads\/2026\/01\/lave-vaisselle-all-in-one.jpeg",1280,1280,false],"portraits":["https:\/\/fannyclear-algerie.com\/wp-content\/uploads\/2026\/01\/lave-vaisselle-all-in-one.jpeg",1280,1280,false],"thumbnail":["https:\/\/fannyclear-algerie.com\/wp-content\/uploads\/2026\/01\/lave-vaisselle-all-in-one-150x150.jpeg",150,150,true],"medium":["https:\/\/fannyclear-algerie.com\/wp-content\/uploads\/2026\/01\/lave-vaisselle-all-in-one-300x300.jpeg",300,300,true],"large":["https:\/\/fannyclear-algerie.com\/wp-content\/uploads\/2026\/01\/lave-vaisselle-all-in-one-1024x1024.jpeg",1024,1024,true],"1536x1536":["https:\/\/fannyclear-algerie.com\/wp-content\/uploads\/2026\/01\/lave-vaisselle-all-in-one.jpeg",1280,1280,false],"2048x2048":["https:\/\/fannyclear-algerie.com\/wp-content\/uploads\/2026\/01\/lave-vaisselle-all-in-one.jpeg",1280,1280,false],"trp-custom-language-flag":["https:\/\/fannyclear-algerie.com\/wp-content\/uploads\/2026\/01\/lave-vaisselle-all-in-one-12x12.jpeg",12,12,true]},"rttpg_author":{"display_name":"admin","author_link":"https:\/\/fannyclear-algerie.com\/ar\/author\/web_admin\/"},"rttpg_comment":0,"rttpg_category":null,"rttpg_excerpt":"Le Lave-Vaisselle Liquide de Rin\u00e7age Fanny Clear favorise un s\u00e9chage rapide et sans traces. Il am\u00e9liore la brillance de la vaisselle et des verres tout en \u00e9vitant les d\u00e9p\u00f4ts de calcaire et les aur\u00e9oles. Utilis\u00e9 \u00e0 chaque cycle, il assure une finition impeccable et un \u00e9clat durable.","_links":{"self":[{"href":"https:\/\/fannyclear-algerie.com\/ar\/wp-json\/wp\/v2\/pages\/21","targetHints":{"allow":["GET"]}}],"collection":[{"href":"https:\/\/fannyclear-algerie.com\/ar\/wp-json\/wp\/v2\/pages"}],"about":[{"href":"https:\/\/fannyclear-algerie.com\/ar\/wp-json\/wp\/v2\/types\/page"}],"author":[{"embeddable":true,"href":"https:\/\/fannyclear-algerie.com\/ar\/wp-json\/wp\/v2\/users\/1"}],"replies":[{"embeddable":true,"href":"https:\/\/fannyclear-algerie.com\/ar\/wp-json\/wp\/v2\/comments?post=21"}],"version-history":[{"count":3,"href":"https:\/\/fannyclear-algerie.com\/ar\/wp-json\/wp\/v2\/pages\/21\/revisions"}],"predecessor-version":[{"id":59,"href":"https:\/\/fannyclear-algerie.com\/ar\/wp-json\/wp\/v2\/pages\/21\/revisions\/59"}],"wp:featuredmedia":[{"embeddable":true,"href":"https:\/\/fannyclear-algerie.com\/ar\/wp-json\/wp\/v2\/media\/22"}],"wp:attachment":[{"href":"https:\/\/fannyclear-algerie.com\/ar\/wp-json\/wp\/v2\/media?parent=21"}],"curies":[{"name":"wp","href":"https:\/\/api.w.org\/{rel}","templated":true}]}}